{"id":404,"date":"2017-07-14T12:41:39","date_gmt":"2017-07-14T10:41:39","guid":{"rendered":"http:\/\/kreisverkehrswacht-regen.de\/?page_id=404"},"modified":"2025-11-11T18:34:58","modified_gmt":"2025-11-11T17:34:58","slug":"kontakt","status":"publish","type":"page","link":"http:\/\/kreisverkehrswacht-regen.de\/?page_id=404","title":{"rendered":"Kontakt"},"content":{"rendered":"<p>So erreichen Sie uns.<\/p>\n<p><!-- [if lt IE 9]>\n<script src=\"http:\/\/kreisverkehrswacht-regen.de\/wp-content\/themes\/twentytwelve\/js\/html5.js\" type=\"text\/javascript\"><\/script>\n<![endif]--><!-- [if lt IE 9]>\n \t \t \t<link rel='stylesheet' id='twentytwelve-ie-css' href='http:\/\/kreisverkehrswacht-regen.de\/wp-content\/themes\/twentytwelve\/css\/ie.css?ver=20121010' type='text\/css' media='all' \/>\n<![endif]--><\/p>\n<div id=\"page\" class=\"hfeed site\">\n<div id=\"main\" class=\"wrapper\">\n<div id=\"primary\" class=\"site-content\">\n<div id=\"content\">\n<article id=\"post-99\" class=\"post-99 page type-page status-publish hentry\">\n<div class=\"entry-content\">\n<p>Kreisverkehrswacht Regen<\/p>\n<p>Amtsgerichtsstra\u00dfe 4<br \/>\n94209 Regen<\/p>\n<p>Ansprechpartner: Ewald Weininger (Gesch\u00e4ftsf\u00fchrer), Maximilian Dengler (Schatzmeister)<\/p>\n<p>Tel.:\u00a0 09921 \/ 9408-36<\/p>\n<p>E-Mail: info@kreisverkehrswacht-regen.de<\/p>\n<\/div>\n<\/article>\n<\/div>\n<\/div>\n<\/div>\n<\/div>\n","protected":false},"excerpt":{"rendered":"<p>So erreichen Sie uns. Kreisverkehrswacht Regen Amtsgerichtsstra\u00dfe 4 94209 Regen Ansprechpartner: Ewald Weininger (Gesch\u00e4ftsf\u00fchrer), Maximilian Dengler (Schatzmeister) Tel.:\u00a0 09921 \/ 9408-36 E-Mail: info@kreisverkehrswacht-regen.de<\/p>\n","protected":false},"author":4,"featured_media":0,"parent":0,"menu_order":0,"comment_status":"closed","ping_status":"closed","template":"","meta":{"footnotes":""},"class_list":["post-404","page","type-page","status-publish","hentry"],"_links":{"self":[{"href":"http:\/\/kreisverkehrswacht-regen.de\/index.php?rest_route=\/wp\/v2\/pages\/404","targetHints":{"allow":["GET"]}}],"collection":[{"href":"http:\/\/kreisverkehrswacht-regen.de\/index.php?rest_route=\/wp\/v2\/pages"}],"about":[{"href":"http:\/\/kreisverkehrswacht-regen.de\/index.php?rest_route=\/wp\/v2\/types\/page"}],"author":[{"embeddable":true,"href":"http:\/\/kreisverkehrswacht-regen.de\/index.php?rest_route=\/wp\/v2\/users\/4"}],"replies":[{"embeddable":true,"href":"http:\/\/kreisverkehrswacht-regen.de\/index.php?rest_route=%2Fwp%2Fv2%2Fcomments&post=404"}],"version-history":[{"count":7,"href":"http:\/\/kreisverkehrswacht-regen.de\/index.php?rest_route=\/wp\/v2\/pages\/404\/revisions"}],"predecessor-version":[{"id":1115,"href":"http:\/\/kreisverkehrswacht-regen.de\/index.php?rest_route=\/wp\/v2\/pages\/404\/revisions\/1115"}],"wp:attachment":[{"href":"http:\/\/kreisverkehrswacht-regen.de\/index.php?rest_route=%2Fwp%2Fv2%2Fmedia&parent=404"}],"curies":[{"name":"wp","href":"https:\/\/api.w.org\/{rel}","templated":true}]}}