{"id":59,"date":"2016-08-06T23:34:31","date_gmt":"2016-08-06T21:34:31","guid":{"rendered":"http:\/\/kreisverkehrswacht-regen.de\/wp\/?page_id=59"},"modified":"2016-08-06T23:34:31","modified_gmt":"2016-08-06T21:34:31","slug":"sponsoren","status":"publish","type":"page","link":"http:\/\/kreisverkehrswacht-regen.de\/?page_id=59","title":{"rendered":"Sponsoren"},"content":{"rendered":"<p><strong>Spenden der Sponsoren<br \/>\nDie Kreisverkehrswacht Regen bedankt sich recht herzlich bei allen Sponsoren<\/strong><\/p>\n<table border=\"1\" cellspacing=\"0\" cellpadding=\"0\">\n<tbody>\n<tr>\n<td class=\"tabellentext\" valign=\"middle\" width=\"600\" height=\"40\">Die errechnete Menge an Planziegel sponsert die\u00a0<strong>Fa. Schlagmann<\/strong> aus Tann mit dem in Regen ortsans\u00e4ssigen Vertreter, Herrn\u00a0<strong>Stoiber Wolfgang<\/strong><\/td>\n<td width=\"200\" height=\"40\"><\/td>\n<\/tr>\n<tr>\n<td width=\"600\"><strong>RB Fenster + T\u00fcren Technik GdbR<\/strong>, Zwieseler Str. 9,94209 Regen, lieferte T\u00fcren und Fenster, spendete dabei Elemente und f\u00fchrte die Montage kostenlos aus.<\/td>\n<td width=\"200\">\n<div>459,46 \u20ac<\/div>\n<\/td>\n<\/tr>\n<tr>\n<td width=\"600\">Die Fliesen verlegt freundlicherweise die\u00a0<strong><a class=\"navitext\" title=\"Fa. Gronkowski\" href=\"http:\/\/www.fliesenbau-gronkowski.de\/\" target=\"_blank\">Fa. Gronkowski<\/a><\/strong> aus Regen<\/td>\n<td width=\"200\"><\/td>\n<\/tr>\n<tr>\n<td width=\"600\">Die Elektroinstallation \u00fcbernimmt die\u00a0<strong>Fa. Wenig<\/strong>, ebenfalls aus Regen<\/td>\n<td width=\"200\"><\/td>\n<\/tr>\n<tr>\n<td width=\"600\">S\u00e4mtliche Holzbauarbeiten fertigt die\u00a0<a class=\"navitext\" title=\"Zimmerei Schiller\" href=\"http:\/\/www.zimmerei-schiller.de\/\" target=\"_blank\">Zimmerei Schiller,<\/a> Oberfeld 2, aus Kirchberg<\/td>\n<td width=\"200\"><\/td>\n<\/tr>\n<tr>\n<td width=\"600\">Den Abbruch des Geb\u00e4udes mit einem Bagger hat die\u00a0<strong>Fa. Oswald<\/strong> aus Ellerbach kostenlos ausgef\u00fchrt.<\/td>\n<td width=\"200\"><\/td>\n<\/tr>\n<tr>\n<td width=\"600\">Den Transport des Materials \u00fcbernahm die\u00a0<strong>Fa. Mader Alois jun.<\/strong> aus Langdorf, Wiesenstra\u00dfe 14, ebenfalls kostenlos.<\/td>\n<td width=\"200\"><\/td>\n<\/tr>\n<tr>\n<td width=\"600\">Einen Teil der Maurerarbeiten erledigt die\u00a0<strong>Fa. Kasparbauer Josef<\/strong> aus Regen, Au 1 + Geldbetrag von<\/td>\n<td width=\"200\">\n<div>250 \u20ac<\/div>\n<\/td>\n<\/tr>\n<tr>\n<td width=\"600\">Den Frostschutz f\u00fcr den Unterbau liefert die\u00a0<a class=\"navitext\" href=\"http:\/\/www.mader-bau.de\/\" target=\"_blank\">Fa. Mader Bau GmbH<\/a> aus Bischofsmais<\/td>\n<td width=\"200\">\n<div>557,34 \u20ac<\/div>\n<\/td>\n<\/tr>\n<tr>\n<td width=\"600\"><strong>Fa. M\u00fchlehner-Bau<\/strong> aus Kirchdorf , Aubergweg 10, 94261 Kirchdorf i.W.<\/td>\n<td width=\"200\">\n<div>50 \u20ac<\/div>\n<\/td>\n<\/tr>\n<tr>\n<td width=\"600\">Das gesamte Bauholz liefern die Firmen\u00a0<a class=\"navitext\" href=\"http:\/\/www.laschinger-holz.eu\/\" target=\"_blank\">Laschinger Rudolf<\/a> aus Kirchberg,\u00a0<a class=\"navitext\" href=\"http:\/\/www.holz-schiller.de\/\" target=\"_blank\">Holz Schiller <\/a>aus Regen,\u00a0<a class=\"navitext\" href=\"http:\/\/www.holz-verkaufsstand.de\/9-impressum.htm\" target=\"_blank\">Dengler Helmut <\/a>aus Rinchnach, S\u00e4gewerk Friedrich Josef aus Kirchberg und S\u00e4gewerk Kollmer aus Regen\/March<\/td>\n<td width=\"200\"><\/td>\n<\/tr>\n<tr>\n<td width=\"600\"><strong>Fa. LINOS GmbH &amp; Co. KG<\/strong><\/td>\n<td width=\"200\">\n<div>100 \u20ac<\/div>\n<\/td>\n<\/tr>\n<tr>\n<td width=\"600\">Frau<strong> Dr. Marianne Glaser <\/strong>und Herr<strong> Dr. Klaus Glaser<\/strong>, Regen<\/td>\n<td width=\"200\">\n<div>100 \u20ac<\/div>\n<\/td>\n<\/tr>\n<tr>\n<td width=\"600\"><a class=\"navitext\" href=\"http:\/\/www.granit-ernst.de\/\" target=\"_blank\">Granitwerk Ernst Karl<\/a>, Zwieselberg<\/td>\n<td width=\"200\">\n<div>50 \u20ac<\/div>\n<\/td>\n<\/tr>\n<tr>\n<td width=\"600\"><strong>Autohaus Kopp<\/strong>, Bodenmais<\/td>\n<td width=\"200\">\n<div>300 \u20ac<\/div>\n<\/td>\n<\/tr>\n<tr>\n<td width=\"600\"><a class=\"navitext\" href=\"http:\/\/www.rodenstock.de\/\" target=\"_blank\">Fa. Rodenstock GmbH<\/a>, 94209 Regen<\/td>\n<td width=\"200\">500 \u20ac<\/td>\n<\/tr>\n<tr>\n<td width=\"600\"><strong>VR-Bank <\/strong>Regen<\/td>\n<td width=\"200\">\n<div>250 \u20ac<\/div>\n<\/td>\n<\/tr>\n<tr>\n<td width=\"600\">Herr\u00a0<strong>Hermann Wagner<\/strong>, Facharzt f\u00fcr Allgemeinmedizin \/ Naturheilverfahren, B\u00f6brach<\/td>\n<td width=\"200\">100 \u20ac<\/td>\n<\/tr>\n<tr>\n<td width=\"600\">Elektro-Anlagen<strong> RAITHMEIER<\/strong>, Regen, f\u00fchrte die Demontage der Elektroinstallation aus und spendete den Rechnungsbetrag<\/td>\n<td width=\"200\">35,46 \u20ac<\/td>\n<\/tr>\n<tr>\n<td width=\"600\"><a class=\"navitext\" href=\"http:\/\/www.eon-bayern.com\/pages\/eby_de\/E.ON_Bayern\/Standorte_und_Gebiet\/index.htm\" target=\"_blank\">E.ON Bayern AG<\/a> f\u00fchrte die Demontage des Elektroanschlusses aus und spendete den Betrag<\/td>\n<td width=\"200\">273,01 \u20ac<\/td>\n<\/tr>\n<tr>\n<td width=\"600\"><strong>H. Trum<\/strong>, Rinchnach<\/td>\n<td width=\"200\">50 \u20ac<\/td>\n<\/tr>\n<tr>\n<td width=\"600\"><strong>Fa. Johann Leidl<\/strong> stellte f\u00fcr die Fundamentplatte kostenlos einen Bagger zur Verf\u00fcgung, welcher von<strong> H. Achatz<\/strong>, Achslach, ebenfalls kostenlos gefahren wurde.<\/td>\n<td width=\"200\">\u20ac<\/td>\n<\/tr>\n<tr>\n<td width=\"600\">Die\u00a0<a class=\"navitext\" href=\"http:\/\/www.penzkofer-bau.de\/\" target=\"_blank\">Fa. Penzkofer-Bau, Regen, <\/a>lieferte Material und leitete mit seinen Mitarbeitern die Bauarbeiten bis zur Fundamentplatte und verzichtete dabei auf die Rechnungsstellung. Zudem stellte er einen Bautrockner zur Verf\u00fcgung.<\/td>\n<td width=\"200\">2732 \u20ac<\/td>\n<\/tr>\n<tr>\n<td width=\"600\">Das\u00a0<strong>Transportunternehmen Achatz<\/strong> aus Zachenberg beteiligte sich an den Au\u00dfenarbeiten rund um das Geb\u00e4ude<\/td>\n<td width=\"200\">\u20ac<\/td>\n<\/tr>\n<tr>\n<td width=\"600\"><strong>Fa. Hackl GmbH &amp; Co.KG<\/strong>, Hofbauerstra\u00dfe 9, 94209 Regen<\/td>\n<td width=\"200\">150 \u20ac<\/td>\n<\/tr>\n<tr>\n<td width=\"600\">Kindersicherheit GmbH,\u00a0<a class=\"navitext\" href=\"http:\/\/www.roemer.eu\/\" target=\"_blank\">Britax R\u00f6mer<\/a><\/td>\n<td width=\"200\">\u20ac<\/td>\n<\/tr>\n<tr>\n<td width=\"600\"><strong>Fa. Dachs Georg<\/strong> Deponie GmbH aus Regen\/March nahm den Bauschutt entgegen<\/td>\n<td width=\"200\">166,60 \u20ac<\/td>\n<\/tr>\n<tr>\n<td width=\"600\">Die Dachziegel stelllte die\u00a0<strong>Fa. Braas<\/strong> kostenlos zur Verf\u00fcgung. Lediglich Ortgang und Firstziegel mussten gekauft werden. Besten Dank an den Gebietsvertreter,\u00a0<strong>H. Klaus Schr\u00f6der<\/strong>. Den Transport \u00fcbernahm die Fa. Ernst Herbert aus Rinchnach kosteng\u00fcnstig.<\/td>\n<td width=\"200\"><\/td>\n<\/tr>\n<tr>\n<td width=\"600\"><strong>Baugesch\u00e4ft Josef Kasparbauer<\/strong>, March-Au 1, 94209 Regen, f\u00fchrte die Rohbauarbeiten kostenlos aus.<\/td>\n<td width=\"200\">1062,49 \u20ac<\/td>\n<\/tr>\n<tr>\n<td width=\"600\"><strong>F\u00f6rderverein der Schule am Weinberg <\/strong>mit Vorsitzender, Frau Eiginger<\/td>\n<td width=\"200\">200 \u20ac<\/td>\n<\/tr>\n<tr>\n<td width=\"600\"><strong>Pflasterbau Mock<\/strong>, St.-Wolfgang-Str. 18c, 94209 Regen<\/td>\n<td width=\"200\">985,50\u20ac<\/td>\n<\/tr>\n<tr>\n<td width=\"600\"><strong>Spenglerei Heinz Pfeffer<\/strong>, Abt-Gubitz-Stra\u00dfe 3, 94209 Regen<\/td>\n<td width=\"200\">750,00\u20ac<\/td>\n<\/tr>\n<tr>\n<td width=\"600\"><strong>Reiseb\u00fcro Lamb\u00fcrger<\/strong>, Lohmannm\u00fchlweg 39, 94227 Zwiesel<\/td>\n<td width=\"200\">1000,00 \u20ac<\/td>\n<\/tr>\n<tr>\n<td width=\"600\"><strong>Turbo-Bau<\/strong>, Voggenzell, 94267 Prackenbach f\u00fchrte die Putzarbeiten aus und spendete<\/td>\n<td width=\"200\">300 \u20ac<\/td>\n<\/tr>\n<tr>\n<td width=\"600\"><strong>BAYWA Regen<\/strong>, spendete einen Teil des Putzes<\/td>\n<td width=\"200\">492,80 \u20ac<\/td>\n<\/tr>\n<tr>\n<td width=\"600\"><strong>Fa. BAGGMA`S<\/strong>, Inh. Christian Mader, Pointenstra\u00dfe 3, 94264 Langdorf<\/td>\n<td width=\"200\">48 \u20ac<\/td>\n<\/tr>\n<\/tbody>\n<\/table>\n<p><strong><a href=\"http:\/\/www.krinner.com\/\">Fa.\u00a0\u00a0List Manfred <\/a><\/strong>aus H\u00f6llmannsried sponserte Schraubfundamente und war beim Eindrehen behilflich.<br \/>\n<strong><a href=\"http:\/\/www.krinner.com\/\">Fa. Krinner<\/a> <\/strong>war bereit, die Fundamente mit Spezialwerkzeug zu setzten.<br \/>\n<a href=\"http:\/\/www.darosign.de\/\"><strong>Fa. Darosign<\/strong><\/a> aus Oberneumais\/Regen unterst\u00fctzt uns mit Beschriftungen und Werbeartikel.<\/p>\n<p><strong><a href=\"http:\/\/www.sanitaer.org\/regen\/raab-heizung-und-sanitaer-gmbh-aULIsP\">Fa. Raab<\/a><\/strong> spendierte die sanit\u00e4ren Anlagen und verbaute diese kostenfrei.<\/p>\n<p><strong>Oliver Berger<\/strong>, ( <a href=\"http:\/\/www.resolt.de\/\"><strong>www.resolt.de<\/strong><\/a> ) stellt sich der Kreisverkehrswacht Regen als kostenloser Provider zur Verf\u00fcgung, war ma\u00dfgeblich an der Gestaltung der Homepage beteiligt und unterst\u00fctzt uns weiterhin bei technischen Fragen zur Homepage. Herzlichen Dank.<\/p>\n<p>Die KVW Regen m\u00f6chte sich auf diesem Wege auch bei der Stadt Regen, insbesondere beim Bauhof Regen, f\u00fcr die stets gute Zusammenarbeit bedanken.<\/p>\n<p>Fa. Laschinger spendete 250\u20ac zur Anschaffung von Roller!<\/p>\n<p>Fahrschule Petzhold (Herr Petzhold) spendierte 2 x 250\u20ac; es konnten insg.\u00a0f\u00fcnf Roller f\u00fcr den Kindergarten St.Martin und St.\u00a0Josef\u00a0gekauft werden!<\/p>\n<p>Frau Galek (Pension Wieshof) spendete f\u00fcr die allg. Verkehrserziehung 80\u20ac!<\/p>\n<p>&nbsp;<\/p>\n<p>!!\u00a0 HERZLICHEN DANK\u00a0 &#8211;\u00a0 DIE SPENDEN WERDEN IN VOLLEM UMFANG F\u00dcR DIE ZIELE DER KREISVERKEHRSWACHT VERWENDET !!<\/p>\n","protected":false},"excerpt":{"rendered":"<p>Spenden der Sponsoren Die Kreisverkehrswacht Regen bedankt sich recht herzlich bei allen Sponsoren Die errechnete Menge an Planziegel sponsert die\u00a0Fa. Schlagmann aus Tann mit dem in Regen ortsans\u00e4ssigen Vertreter, Herrn\u00a0Stoiber Wolfgang RB Fenster + T\u00fcren Technik GdbR, Zwieseler Str. 9,94209 Regen, lieferte T\u00fcren und Fenster, spendete dabei Elemente und f\u00fchrte die Montage kostenlos aus. 459,46 [&hellip;]<\/p>\n","protected":false},"author":1,"featured_media":0,"parent":0,"menu_order":0,"comment_status":"closed","ping_status":"closed","template":"","meta":{"footnotes":""},"class_list":["post-59","page","type-page","status-publish","hentry"],"_links":{"self":[{"href":"http:\/\/kreisverkehrswacht-regen.de\/index.php?rest_route=\/wp\/v2\/pages\/59","targetHints":{"allow":["GET"]}}],"collection":[{"href":"http:\/\/kreisverkehrswacht-regen.de\/index.php?rest_route=\/wp\/v2\/pages"}],"about":[{"href":"http:\/\/kreisverkehrswacht-regen.de\/index.php?rest_route=\/wp\/v2\/types\/page"}],"author":[{"embeddable":true,"href":"http:\/\/kreisverkehrswacht-regen.de\/index.php?rest_route=\/wp\/v2\/users\/1"}],"replies":[{"embeddable":true,"href":"http:\/\/kreisverkehrswacht-regen.de\/index.php?rest_route=%2Fwp%2Fv2%2Fcomments&post=59"}],"version-history":[{"count":1,"href":"http:\/\/kreisverkehrswacht-regen.de\/index.php?rest_route=\/wp\/v2\/pages\/59\/revisions"}],"predecessor-version":[{"id":60,"href":"http:\/\/kreisverkehrswacht-regen.de\/index.php?rest_route=\/wp\/v2\/pages\/59\/revisions\/60"}],"wp:attachment":[{"href":"http:\/\/kreisverkehrswacht-regen.de\/index.php?rest_route=%2Fwp%2Fv2%2Fmedia&parent=59"}],"curies":[{"name":"wp","href":"https:\/\/api.w.org\/{rel}","templated":true}]}}