{"id":91,"date":"2016-08-06T23:59:52","date_gmt":"2016-08-06T21:59:52","guid":{"rendered":"http:\/\/kreisverkehrswacht-regen.de\/wp\/?page_id=91"},"modified":"2016-11-02T15:14:16","modified_gmt":"2016-11-02T14:14:16","slug":"jetzt-mitglied-werden","status":"publish","type":"page","link":"http:\/\/kreisverkehrswacht-regen.de\/?page_id=91","title":{"rendered":"Jetzt Mitglied werden"},"content":{"rendered":"<p>M\u00f6chten Sie Mitglied der Kreisverkehrswachte Regen e.V.\u00a0\u00a0werden?\u00a0\u00a0 Einfach Beitrittserkl\u00e4rung ausdrucken &#8211; ausf\u00fcllen &#8211; und absenden.<\/p>\n<p>Oder telefonische Anmeldung unter Tel. 09921\/940836<\/p>\n<p>Alleine im Januar 2011 starben in Deutschland 241 Menschen im Stra\u00dfenverkehr. Die Polizei musste ca. 180 000 Verkehrsunf\u00e4lle aufnehmen.<br \/>\nDies ist Anlass genug, sich f\u00fcr die Belange des Stra\u00dfenverkehrs zu engagieren. Die Kreisverkehrswacht Regen e.V. mit ihrem 1. Vorstand Egon Probst bem\u00fcht sich in enger Zusammenarbeit mit der Polizei Unf\u00e4lle und Mi\u00dfst\u00e4nde im Stra\u00dfenverkehr zu verhindern. Aufkl\u00e4rung in Kinderg\u00e4rten, Insassensicherung in Fahrzeugen (Kindersitze), Ladungssicherung, Fahrertraining, Gespr\u00e4che bei Seniorenveranstaltungen, Pr\u00e4vention gegen Alkohol und Drogen und vor allem Verkehrserziehung an den Schulen im Landkreis Regen pr\u00e4gen die Arbeit der KVW Regen. Etwa 80 Prozent der Geldmittel, \u00fcberwiegend Geldbu\u00dfen und Mitgliedsbeitr\u00e4ge, werden f\u00fcr Unterrichtsmaterial an den\u00a0 Schulen und f\u00fcr die Fahrradausbildung f\u00fcr unsere 10j\u00e4hrigen Kinder ausgegeben. Daf\u00fcr unterh\u00e4lt die KVW Regen die Jugendverkehrsschule in Regen, die \u00fcbrigens nach Unterrichtsschluss f\u00fcr die \u00d6ffentlichkeit zug\u00e4nglich ist.<\/p>\n<p>Wenn auch Sie die T\u00e4tigkeit der KVW Regen f\u00fcr richtig und wichtig finden, k\u00f6nnen Sie sich aktiv bei verschiedenen Veranstaltungen einbringen oder werden einfach Mitglied. Der Mindestbeitrag im Jahr betr\u00e4gt 10 \u20ac. Die Mitgliedschaft kann jederzeit ohne Angabe von Gr\u00fcnden schriftlich oder m\u00fcndlich gek\u00fcndigt werden!<\/p>\n<h2><a href=\"http:\/\/kreisverkehrswacht-regen.de\/wp-content\/uploads\/2016\/11\/Beitrittserkl\u00e4rungalsFormular.pdf\">Beitrittserkl\u00e4rungsformular:<\/a><\/h2>\n<p>&nbsp;<\/p>\n","protected":false},"excerpt":{"rendered":"<p>M\u00f6chten Sie Mitglied der Kreisverkehrswachte Regen e.V.\u00a0\u00a0werden?\u00a0\u00a0 Einfach Beitrittserkl\u00e4rung ausdrucken &#8211; ausf\u00fcllen &#8211; und absenden. Oder telefonische Anmeldung unter Tel. 09921\/940836 Alleine im Januar 2011 starben in Deutschland 241 Menschen im Stra\u00dfenverkehr. Die Polizei musste ca. 180 000 Verkehrsunf\u00e4lle aufnehmen. Dies ist Anlass genug, sich f\u00fcr die Belange des Stra\u00dfenverkehrs zu engagieren. Die Kreisverkehrswacht Regen [&hellip;]<\/p>\n","protected":false},"author":1,"featured_media":0,"parent":0,"menu_order":0,"comment_status":"closed","ping_status":"closed","template":"","meta":{"footnotes":""},"class_list":["post-91","page","type-page","status-publish","hentry"],"_links":{"self":[{"href":"http:\/\/kreisverkehrswacht-regen.de\/index.php?rest_route=\/wp\/v2\/pages\/91","targetHints":{"allow":["GET"]}}],"collection":[{"href":"http:\/\/kreisverkehrswacht-regen.de\/index.php?rest_route=\/wp\/v2\/pages"}],"about":[{"href":"http:\/\/kreisverkehrswacht-regen.de\/index.php?rest_route=\/wp\/v2\/types\/page"}],"author":[{"embeddable":true,"href":"http:\/\/kreisverkehrswacht-regen.de\/index.php?rest_route=\/wp\/v2\/users\/1"}],"replies":[{"embeddable":true,"href":"http:\/\/kreisverkehrswacht-regen.de\/index.php?rest_route=%2Fwp%2Fv2%2Fcomments&post=91"}],"version-history":[{"count":10,"href":"http:\/\/kreisverkehrswacht-regen.de\/index.php?rest_route=\/wp\/v2\/pages\/91\/revisions"}],"predecessor-version":[{"id":184,"href":"http:\/\/kreisverkehrswacht-regen.de\/index.php?rest_route=\/wp\/v2\/pages\/91\/revisions\/184"}],"wp:attachment":[{"href":"http:\/\/kreisverkehrswacht-regen.de\/index.php?rest_route=%2Fwp%2Fv2%2Fmedia&parent=91"}],"curies":[{"name":"wp","href":"https:\/\/api.w.org\/{rel}","templated":true}]}}